{"id":61,"date":"2024-04-02T10:27:09","date_gmt":"2024-04-02T01:27:09","guid":{"rendered":"https:\/\/komekopan.yururitokurashi.com\/?page_id=61"},"modified":"2024-04-29T20:51:58","modified_gmt":"2024-04-29T11:51:58","slug":"%e8%ac%9b%e5%ba%a7","status":"publish","type":"page","link":"https:\/\/komekopan.yururitokurashi.com\/?page_id=61","title":{"rendered":"\u8b1b\u5ea7\u306b\u3064\u3044\u3066"},"content":{"rendered":"<div data-block-name=\"woocommerce\/single-product\" data-product-id=\"49\" class=\"wp-block-woocommerce-single-product\">\n<div class=\"wp-block-columns is-layout-flex wp-container-core-columns-is-layout-9d6595d7 wp-block-columns-is-layout-flex\">\n<div class=\"wp-block-column is-layout-flow wp-block-column-is-layout-flow\"><div data-block-name=\"woocommerce\/product-image\" data-show-sale-badge=\"false\" data-is-descendent-of-single-product-block=\"true\" class=\"wc-block-components-product-image wc-block-grid__product-image \" style=\"\">\n\t\t\t\t\t<a href=\"https:\/\/komekopan.yururitokurashi.com\/?post_type=product&#038;p=49\" style=\"\"> <img loading=\"lazy\" decoding=\"async\" width=\"416\" height=\"555\" src=\"https:\/\/komekopan.yururitokurashi.com\/wp-content\/uploads\/2024\/04\/1000007867_dddcaa2e23a66314eb342cd9f31d8ba1-2024_1_1-20_28_17-416x555.jpg\" class=\"attachment-woocommerce_single size-woocommerce_single\" alt=\"\u9eb9\u306e\u9175\u6bcd\u3067\u3064\u304f\u308b\u7c73\u7c89\u30d1\u30f3\u3068  \u9eb9\u8abf\u5473\u6599\u304c\u5b66\u3079\u308b\u8b1b\u5ea7\" data-testid=\"product-image\" style=\"max-width:none;object-fit:cover;\" srcset=\"https:\/\/komekopan.yururitokurashi.com\/wp-content\/uploads\/2024\/04\/1000007867_dddcaa2e23a66314eb342cd9f31d8ba1-2024_1_1-20_28_17-416x555.jpg 416w, https:\/\/komekopan.yururitokurashi.com\/wp-content\/uploads\/2024\/04\/1000007867_dddcaa2e23a66314eb342cd9f31d8ba1-2024_1_1-20_28_17-225x300.jpg 225w, https:\/\/komekopan.yururitokurashi.com\/wp-content\/uploads\/2024\/04\/1000007867_dddcaa2e23a66314eb342cd9f31d8ba1-2024_1_1-20_28_17-768x1024.jpg 768w, https:\/\/komekopan.yururitokurashi.com\/wp-content\/uploads\/2024\/04\/1000007867_dddcaa2e23a66314eb342cd9f31d8ba1-2024_1_1-20_28_17-1152x1536.jpg 1152w, https:\/\/komekopan.yururitokurashi.com\/wp-content\/uploads\/2024\/04\/1000007867_dddcaa2e23a66314eb342cd9f31d8ba1-2024_1_1-20_28_17-1536x2048.jpg 1536w, https:\/\/komekopan.yururitokurashi.com\/wp-content\/uploads\/2024\/04\/1000007867_dddcaa2e23a66314eb342cd9f31d8ba1-2024_1_1-20_28_17-scaled.jpg 1920w\" sizes=\"auto, (max-width: 416px) 100vw, 416px\" \/><\/a>\n\t\t\t\t<\/div><\/div>\n\n\n\n<div class=\"wp-block-column is-layout-flow wp-block-column-is-layout-flow\"><h2 class=\"wp-block-post-title\"><a href=\"https:\/\/komekopan.yururitokurashi.com\/?post_type=product&#038;p=49\" target=\"_self\" >\u975e\u516c\u958b: \u9eb9\u306e\u9175\u6bcd\u3067\u3064\u304f\u308b\u7c73\u7c89\u30d1\u30f3\u3068  \u9eb9\u8abf\u5473\u6599\u304c\u5b66\u3079\u308b\u8b1b\u5ea7<\/a><\/h2>\n\n\n\n<div data-block-name=\"woocommerce\/product-price\" data-is-descendent-of-single-product-block=\"true\" class=\"wp-block-woocommerce-product-price\"><div class=\"wc-block-components-product-price wc-block-grid__product-price  \" style=\"\">\n\t\t\t\t\t<del aria-hidden=\"true\"><span class=\"woocommerce-Price-amount amount\"><bdi><span class=\"woocommerce-Price-currencySymbol\">&yen;<\/span>80,000<\/bdi><\/span><\/del> <ins><span class=\"woocommerce-Price-amount amount\"><bdi><span class=\"woocommerce-Price-currencySymbol\">&yen;<\/span>45,000<\/bdi><\/span><\/ins>\n\t\t\t\t<\/div><\/div>\n\n<div class=\"wp-block-post-excerpt\"><p class=\"wp-block-post-excerpt__excerpt\">\u9152\u7a2e\u9175\u6bcd\u3092\u4f7f\u3046\u30b3\u30fc\u30b9\u30ec\u30c3\u30b9\u30f3\u3067\u3059\u3002 <\/p><\/div>\n\n\n\n<div data-block-name=\"woocommerce\/product-meta\" class=\"wp-block-woocommerce-product-meta\">\n<div class=\"wp-block-group is-nowrap is-layout-flex wp-container-core-group-is-layout-ad2f72ca wp-block-group-is-layout-flex\"><div data-block-name=\"woocommerce\/product-sku\" class=\"wc-block-components-product-sku wc-block-grid__product-sku wp-block-woocommerce-product-sku product_meta \" style=\"\">\n\t\t\t\tSKU:\n\t\t\t\t<strong class=\"sku\">5<\/strong>\n\t\t\t<\/div>\n\n<div class=\"taxonomy-product_cat wp-block-post-terms\"><span class=\"wp-block-post-terms__prefix\">\u30ab\u30c6\u30b4\u30ea\u30fc: <\/span><a href=\"https:\/\/komekopan.yururitokurashi.com\/?product_cat=lesson\" rel=\"tag\">Lesson<\/a><\/div>\n\n<\/div>\n<\/div><\/div>\n<\/div>\n<\/div>\n\n\n<p>\u304a\u554f\u3044\u5408\u308f\u305b\u306f\u3053\u3061\u3089\u3078<\/p>\n\n\n\n<p><\/p>\n\n\n\n<div class=\"wp-block-contact-form-7-contact-form-selector\">\n<div class=\"wpcf7 no-js\" id=\"wpcf7-f7-o1\" lang=\"ja\" dir=\"ltr\">\n<div class=\"screen-reader-response\"><p role=\"status\" aria-live=\"polite\" aria-atomic=\"true\"><\/p> <ul><\/ul><\/div>\n<form action=\"\/index.php?rest_route=%2Fwp%2Fv2%2Fpages%2F61#wpcf7-f7-o1\" method=\"post\" class=\"wpcf7-form init\" aria-label=\"\u30b3\u30f3\u30bf\u30af\u30c8\u30d5\u30a9\u30fc\u30e0\" novalidate=\"novalidate\" data-status=\"init\">\n<div style=\"display: none;\">\n<input type=\"hidden\" name=\"_wpcf7\" value=\"7\" \/>\n<input type=\"hidden\" name=\"_wpcf7_version\" value=\"5.9.3\" \/>\n<input type=\"hidden\" name=\"_wpcf7_locale\" value=\"ja\" \/>\n<input type=\"hidden\" name=\"_wpcf7_unit_tag\" value=\"wpcf7-f7-o1\" \/>\n<input type=\"hidden\" name=\"_wpcf7_container_post\" value=\"0\" \/>\n<input type=\"hidden\" name=\"_wpcf7_posted_data_hash\" value=\"\" \/>\n<\/div>\n<table class=\"cf7-seminar\">\n\t<tr>\n\t\t<th>\n\t\t\t<p><span class=\"cf7-req\">\u5fc5\u9808<\/span>\u3054\u5e0c\u671b\u65e5\u6642\n\t\t\t<\/p>\n\t\t<\/th>\n\t\t<td>\n\t\t\t<p><span class=\"wpcf7-form-control-wrap\" data-name=\"radio-seminar\"><span class=\"wpcf7-form-control wpcf7-radio\"><span class=\"wpcf7-list-item first\"><label><input type=\"radio\" name=\"radio-seminar\" value=\"\u65e5\u66dc\u30b3\u30fc\u30b9\" checked=\"checked\" \/><span class=\"wpcf7-list-item-label\">\u65e5\u66dc\u30b3\u30fc\u30b9<\/span><\/label><\/span><span class=\"wpcf7-list-item last\"><label><input type=\"radio\" name=\"radio-seminar\" value=\"\u706b\u66dc\u65e5\u30b3\u30fc\u30b9\" \/><span class=\"wpcf7-list-item-label\">\u706b\u66dc\u65e5\u30b3\u30fc\u30b9<\/span><\/label><\/span><\/span><\/span>\n\t\t\t<\/p>\n\t\t<\/td>\n\t<\/tr>\n\t<tr>\n\t\t<th>\n\t\t\t<p><span class=\"cf7-req\">\u5fc5\u9808\u3000<\/span>\u304a\u540d\u524d\n\t\t\t<\/p>\n\t\t<\/th>\n\t\t<td>\n\t\t\t<p><span class=\"wpcf7-form-control-wrap\" data-name=\"your-name\"><input size=\"40\" class=\"wpcf7-form-control wpcf7-text wpcf7-validates-as-required\" aria-required=\"true\" aria-invalid=\"false\" placeholder=\"\u4f8b\uff1a\u304a\u540d\u524d\" value=\"\" type=\"text\" name=\"your-name\" \/><\/span>\n\t\t\t<\/p>\n\t\t<\/td>\n\t<\/tr>\n\t<tr>\n\t\t<th>\n\t\t\t<p><span class=\"cf7-req\">\u5fc5\u9808\u3000<\/span>\u30e1\u30fc\u30eb\u30a2\u30c9\u30ec\u30b9\n\t\t\t<\/p>\n\t\t<\/th>\n\t\t<td>\n\t\t\t<p><span class=\"wpcf7-form-control-wrap\" data-name=\"your-email\"><input size=\"40\" class=\"wpcf7-form-control wpcf7-email wpcf7-validates-as-required wpcf7-text wpcf7-validates-as-email\" aria-required=\"true\" aria-invalid=\"false\" placeholder=\"\u4f8b\uff1a\u00d7\u00d7\u00d7@\u00d7\u00d7\u00d7.com\" value=\"\" type=\"email\" name=\"your-email\" \/><\/span>\n\t\t\t<\/p>\n\t\t<\/td>\n\t<\/tr>\n\t<tr>\n\t\t<th>\n\t\t\t<p><span class=\"cf7-req\">\u5fc5\u9808\u3000<\/span>\u304a\u96fb\u8a71\u756a\u53f7\n\t\t\t<\/p>\n\t\t<\/th>\n\t\t<td>\n\t\t\t<p><span class=\"wpcf7-form-control-wrap\" data-name=\"your-tel\"><input size=\"40\" class=\"wpcf7-form-control wpcf7-text wpcf7-validates-as-required\" aria-required=\"true\" aria-invalid=\"false\" placeholder=\"\u4f8b\uff1a03-1234-5678\" value=\"\" type=\"text\" name=\"your-tel\" \/><\/span>\n\t\t\t<\/p>\n\t\t<\/td>\n\t<\/tr>\n\t<tr>\n\t\t<th>\n\t\t\t<p><span class=\"cf7-req\">\u5fc5\u9808\u3000<\/span>\u90f5\u4fbf\u756a\u53f7\n\t\t\t<\/p>\n\t\t<\/th>\n\t\t<td>\n\t\t\t<p><span class=\"wpcf7-form-control-wrap\" data-name=\"zip\"><input size=\"40\" class=\"wpcf7-form-control wpcf7-text wpcf7-validates-as-required\" id=\"zip\" aria-required=\"true\" aria-invalid=\"false\" placeholder=\"\u4f8b\uff1a123-4567\" value=\"\" type=\"text\" name=\"zip\" \/><\/span>\n\t\t\t<\/p>\n\t\t<\/td>\n\t<\/tr>\n\t<tr>\n\t\t<th>\n\t\t\t<p><span class=\"cf7-req\">\u5fc5\u9808\u3000<\/span>\u90fd\u9053\u5e9c\u770c\n\t\t\t<\/p>\n\t\t<\/th>\n\t\t<td>\n\t\t\t<p><span class=\"wpcf7-form-control-wrap\" data-name=\"pref\"><input size=\"40\" class=\"wpcf7-form-control wpcf7-text wpcf7-validates-as-required\" id=\"pref\" aria-required=\"true\" aria-invalid=\"false\" placeholder=\"\u4f8b\uff1a\u6771\u4eac\u90fd\" value=\"\" type=\"text\" name=\"pref\" \/><\/span>\n\t\t\t<\/p>\n\t\t<\/td>\n\t<\/tr>\n\t<tr>\n\t\t<th>\n\t\t\t<p><span class=\"cf7-req\">\u5fc5\u9808\u3000<\/span>\u3054\u4f4f\u6240\n\t\t\t<\/p>\n\t\t<\/th>\n\t\t<td class=\"address-100\">\n\t\t\t<p><span class=\"wpcf7-form-control-wrap\" data-name=\"addr\"><input size=\"40\" class=\"wpcf7-form-control wpcf7-text wpcf7-validates-as-required\" id=\"addr\" aria-required=\"true\" aria-invalid=\"false\" placeholder=\"\u4f8b\uff1a\u4e2d\u592e\u533a\u9280\u5ea7\uff11\uff12\uff13\" value=\"\" type=\"text\" name=\"addr\" \/><\/span>\n\t\t\t<\/p>\n\t\t<\/td>\n\t<\/tr>\n\t<tr>\n\t\t<th>\n\t\t\t<p><span class=\"cf7-unreq\">\u4efb\u610f\u3000<\/span>\u3054\u610f\u898b\u30fb\u3054\u8cea\u554f\u7b49\n\t\t\t<\/p>\n\t\t<\/th>\n\t\t<td class=\"message-100\">\n\t\t\t<p><span class=\"wpcf7-form-control-wrap\" data-name=\"your-message\"><textarea cols=\"40\" rows=\"10\" class=\"wpcf7-form-control wpcf7-textarea\" aria-invalid=\"false\" placeholder=\"\u3054\u610f\u898b\u30fb\u3054\u8cea\u554f\u7b49\u3054\u3056\u3044\u307e\u3057\u305f\u3089\u3054\u8a18\u5165\u304f\u3060\u3055\u3044\" name=\"your-message\"><\/textarea><\/span>\u3000\n\t\t\t<\/p>\n\t\t<\/td>\n\t<\/tr>\n<\/table>\n<table class=\"cf7-seminar-policy\">\n\t<tr>\n\t\t<td>\n\t\t\t<p><b><\/b>\n\t\t\t<\/p>\n\t\t<\/td>\n\t<\/tr>\n\t<tr>\n\t\t<td>\n\t\t\t<div class=\"privacy-box\">\n\t\t\t\t<p>\u3010\u53d7\u8b1b\u5951\u7d04\u66f8\u3011<br \/>\n\u3053\u306e\u53d7\u8b1b\u5951\u7d04\u66f8\u306f\u3001\u5f53\u6559\u5ba4\u306b\u3088\u3063\u3066\u53d7\u8b1b\u8005\u3078\u63d0\u4f9b\u3055\u308c\u308b\u672c\u8b1b\u5ea7\u306e\u53d7\u8b1b\u5951\u7d04\u306b\u3064\u3044\u3066\u5b9a\u3081\u308b\u3082\u306e\u3067\u3059\u3002\u53d7\u8b1b\u8005\u306f\u3001\u53d7\u8b1b\u7533\u3057\u8fbc\u307f\u524d\u306b\u3001\u5951\u7d04\u66f8\u5185\u5bb9\u306e\u78ba\u8a8d\u3001\u3054\u7406\u89e3\u3068\u3054\u4e86\u627f\u3092\u3044\u305f\u3060\u3044\u305f\u4e0a\u3067\u3001\u304a\u7533\u8fbc\u307f\u304f\u3060\u3055\u3044\u307e\u3059\u3088\u3046\u304a\u9858\u3044\u3044\u305f\u3057\u307e\u3059\u3002\n\t\t\t\t<\/p>\n\t\t\t\t<p>\u25cf\u79d8\u5bc6\u4fdd\u6301<br \/>\n\u672c\u8b1b\u5ea7\u306b\u304a\u3044\u3066\u4ed6\u306e\u53d7\u8b1b\u8005\u3088\u308a\u958b\u793a\u3055\u308c\u305f\u305d\u306e\u30d7\u30e9\u30a4\u30d0\u30b7\u30fc\u306b\u95a2\u308f\u308b\u60c5\u5831\u3092\u7b2c\u4e09\u8005\u306b\u958b\u793a\u3057\u3001\u307e\u305f\u306f\u3001\u4f7f\u7528\u3059\u308b\u3053\u3068\u3092\u7981\u3058\u307e\u3059\u3002\n\t\t\t\t<\/p>\n\t\t\t\t<p>\u25cf\u9075\u5b88\u4e8b\u9805<br \/>\n\uff08\uff11\uff09\u4ed6\u306e\u53d7\u8b1b\u8005\u3001\u5f53\u65b9\u306e\u95a2\u4fc2\u8005\u7b49\u306b\u5bfe\u3057\u3066\u3001\u30cd\u30c3\u30c8\u30ef\u30fc\u30af\u30de\u30fc\u30b1\u30c6\u30a3\u30f3\u30b0\u3001\u305d\u306e\u4ed6\u9023\u9396\u8ca9\u58f2\u53d6\u5f15\u3078\u306e\u52e7\u8a98\u3001<br \/>\n\u3000\u3000\u3000\u5b97\u6559\u7b49\u3078\u306e\u6d3b\u52d5\u306e\u52e7\u8a98\u3001\u5546\u54c1\u53ca\u3073\u30b5\u30fc\u30d3\u30b9\u7b49\u306e\u8cfc\u5165\u306e\u52e7\u8a98\u4e26\u3073\u306b\u30bb\u30df\u30ca\u30fc\u7b49\u3078\u306e\u53c2\u52a0\u3078\u306e\u52e7\u8a98\u3092\u884c\u308f\u306a\u3044\u3053\u3068\u3002\n\t\t\t\t<\/p>\n\t\t\t\t<p>\uff08\uff12\uff09\u672c\u8b1b\u5ea7\u306e\u5185\u5bb9\u306b\u3064\u304d\u3001\u9332\u97f3\u53c8\u306f\u9332\u753b\u3092\u3057\u306a\u3044\u3053\u3068\u3002\n\t\t\t\t<\/p>\n\t\t\t\t<p>\uff08\uff13\uff09\u5b50\u3069\u3082\u540c\u4f34\u306e\u30ec\u30c3\u30b9\u30f3\u3067\u3042\u308b\u3053\u3068\u3054\u4e86\u627f\u304f\u3060\u3055\u3044\u3002\n\t\t\t\t<\/p>\n\t\t\t\t<p>\u25cf\u30ec\u30b7\u30d4\u306e\u53d6\u308a\u6271\u3044\u306b\u3064\u3044\u3066<br \/>\n\u3000\uff08\uff11\uff09\u4f7f\u7528\u7bc4\u56f2\uff1a\u5546\u7528\u5229\u7528\u4e0d\u53ef\u3002\u3054\u5bb6\u5ead\u3067\u304a\u697d\u3057\u307f\u304f\u3060\u3055\u3044\u3002\n\t\t\t\t<\/p>\n\t\t\t\t<p>\u25cf\u53d7\u8b1b\u6599\u306e\u304a\u652f\u6255\u3044\n\t\t\t\t<\/p>\n\t\t\t\t<p>\uff08\uff11\uff09\u53d7\u8b1b\u8005\u69d8\u306f\u3001\u7533\u3057\u8fbc\u307f\u306e\u3054\u6848\u5185\u306b\u8a18\u8f09\u3055\u308c\u305f\u53d7\u8b1b\u6599\u3092\u3001\u5f53\u65b9\u6240\u5b9a\u306e\u65b9\u6cd5\u306b\u3088\u308a\u6240\u5b9a\u306e\u671f\u65e5\u307e\u3067\u306b\u3001\u5f53\u65b9\u306b\u5bfe\u3057\u3066\u652f\u6255\u3046\u3082\u306e\u3068\u3057\u307e\u3059\u3002\n\t\t\t\t<\/p>\n\t\t\t\t<p>\uff08\uff12\uff09\u53d7\u8b1b\u6599\u306e\u652f\u6255\u3044\u306f\u3001\u9280\u884c\u632f\u8fbc\uff08\u632f\u8fbc\u624b\u6570\u6599\u306f\u53d7\u8b1b\u8005\u69d8\u3054\u8ca0\u62c5\uff09\u3068\u306a\u308a\u307e\u3059\u3002\n\t\t\t\t<\/p>\n\t\t\t\t<p>\u25cf\u89e3\u7d04\n\t\t\t\t<\/p>\n\t\t\t\t<p>\uff08\uff11\uff09\u5951\u7d04\u671f\u9593\u4e2d\u306b\u3001\u53d7\u8b1b\u8005\u304c\u4e2d\u9014\u89e3\u7d04\u3092\u5e0c\u671b\u3059\u308b\u5834\u5408\u306f\u3001\u89e3\u7d04\u5e0c\u671b\u6708\u306e\uff12\u9031\u9593\u524d\u307e\u3067\u306b\u5f53\u6559\u5ba4\u307e\u3067\u901a\u77e5\u3059\u308b\u3082\u306e\u3068\u3057\u307e\u3059\u3002\n\t\t\t\t<\/p>\n\t\t\t\t<p>\uff08\uff12\uff09\u89e3\u7d04\u3055\u308c\u305f\u5834\u5408\u306b\u304a\u3044\u3066\u3082\u3001\u539f\u5247\u3068\u3057\u3066\u8fd4\u91d1\u5bfe\u5fdc\u306f\u3044\u305f\u3057\u304b\u306d\u307e\u306e\u3067\u3001\u3042\u3089\u304b\u3058\u3081\u3054\u4e86\u627f\u304f\u3060\u3055\u3044\u3002\n\t\t\t\t<\/p>\n\t\t\t\t<p>\u25cf\u30ec\u30c3\u30b9\u30f3\u306e\u30ad\u30e3\u30f3\u30bb\u30eb\u306b\u3064\u3044\u3066<br \/>\n\uff08\uff11\uff09\u5f53\u65e5\u306e\u30ad\u30e3\u30f3\u30bb\u30eb\u3067\u304a\u5b50\u69d8\u3084\u3054\u672c\u4eba\u69d8\u306e\u4f53\u8abf\u4e0d\u826f\u306a\u3069\u3001\u3084\u3080\u3092\u5f97\u306a\u3044\u5834\u5408\u306f\u3001\u3054\u76f8\u8ac7\u304f\u3060\u3055\u3044\u3002\u632f\u66ff\u30ec\u30c3\u30b9\u30f3\u3067\u5bfe\u5fdc\u3055\u305b\u3066\u3044\u305f\u3060\u304d\u307e\u3059\u3002\n\t\t\t\t<\/p>\n\t\t\t\t<p>\uff08\uff12\uff09\u8b1b\u5e2b\u81ea\u8eab\u3082\u5b50\u4f9b\u306e\u4f53\u8abf\u4e0d\u826f\u7b49\u3067\u304a\u4f11\u307f\u3055\u305b\u3066\u3044\u305f\u3060\u304f\u5834\u5408\u304c\u3042\u308a\u307e\u3059\u3002\u305d\u306e\u969b\u3082\u632f\u66ff\u30ec\u30c3\u30b9\u30f3\u3092\u8a2d\u5b9a\u3055\u305b\u3066\u3044\u305f\u3060\u304d\u307e\u3059\u3002\n\t\t\t\t<\/p>\n\t\t\t\t<p>\u25cf\u30ad\u30e3\u30f3\u30bb\u30eb\u306e\u9023\u7d61\u25cf\n\t\t\t\t<\/p>\n\t\t\t\t<p>\u30ad\u30e3\u30f3\u30bb\u30eb\u3092\u3055\u308c\u308b\u5834\u5408\u306f\u3001\u516c\u5f0f\u30e9\u30a4\u30f3\u306b\u3054\u9023\u7d61\u304f\u3060\u3055\u3044\u3002\n\t\t\t\t<\/p>\n\t\t\t\t<p>\u3010\u3054\u78ba\u8a8d\u304f\u3060\u3055\u3044\u3011<br \/>\n\u304a\u7533\u3057\u8fbc\u307f\u5f8c\u3001\u81ea\u52d5\u8fd4\u4fe1\u30e1\u30fc\u30eb\u304c\u5c4a\u304d\u307e\u3059\u3002\u643a\u5e2f\u304b\u3089\u304a\u7533\u8fbc\u307f\u306e\u65b9\u306f\u53d7\u4fe1\u62d2\u5426\u8a2d\u5b9a\u3067\u5c4a\u304b\u306a\u3044\u5834\u5408\u304c\u3042\u308a\u307e\u3059\u306e\u3067\u3001\u304a\u7533\u8fbc\u307f\u306e\u524d\u306b\u300c\uff20gmail.com\u300d\u3092\u53d7\u4fe1\u3067\u304d\u308b\u8a2d\u5b9a\u306b\u3057\u3066\u304f\u3060\u3055\u3044\u3002\u30e1\u30fc\u30eb\u304c\u5c4a\u304b\u306a\u3044\u65b9\u306f\u3001\u5ff5\u306e\u305f\u3081\u8ff7\u60d1\u30e1\u30fc\u30eb\u30d5\u30a9\u30eb\u30c0\u3092\u3054\u78ba\u8a8d\u306e\u3046\u3048\u300cyururito2024@gmail.com\u300d\u307e\u3067\u3054\u9023\u7d61\u3092\u304a\u9858\u3044\u3057\u307e\u3059\u3002\n\t\t\t\t<\/p>\n\t\t\t\t<p>\u4e0a\u8a18\u3092\u3054\u78ba\u8a8d\u306e\u3046\u3048\u304a\u7533\u8fbc\u307f\u30d5\u30a9\u30fc\u30e0\u306b\u3054\u5165\u529b\u304f\u3060\u3055\u3044\u3002<br \/>\n\u6298\u308a\u8fd4\u3057\u3001\u304a\u652f\u6255\u3044\u65b9\u6cd5\u306a\u3069\u306e\u8a73\u7d30\u306b\u3064\u3044\u3066\u3054\u6848\u5185\u3044\u305f\u3057\u307e\u3059\u3002\n\t\t\t\t<\/p>\n\t\t\t\t<p><span class=\"wpcf7-form-control-wrap\" data-name=\"acceptance-724\"><span class=\"wpcf7-form-control wpcf7-acceptance\"><span class=\"wpcf7-list-item\"><label><input type=\"checkbox\" name=\"acceptance-724\" value=\"1\" aria-invalid=\"false\" \/><span class=\"wpcf7-list-item-label\">\u4e0a\u8a18\u898f\u7d04\u306b\u540c\u610f\u3059\u308b<\/span><\/label><\/span><\/span><\/span><input class=\"wpcf7-form-control wpcf7-submit has-spinner\" type=\"submit\" value=\"\u9001\u4fe1\" \/>\n\t\t\t\t<\/p>\n\t\t\t<\/div>\n\t\t<\/td>\n\t<\/tr>\n\t<tr>\n\t<\/tr>\n<\/table><div class=\"wpcf7-response-output\" aria-hidden=\"true\"><\/div>\n<\/form>\n<\/div>\n<\/div>\n","protected":false},"excerpt":{"rendered":"<p>\u304a\u554f\u3044\u5408\u308f\u305b\u306f\u3053\u3061\u3089\u3078<\/p>\n","protected":false},"author":1,"featured_media":0,"parent":0,"menu_order":0,"comment_status":"closed","ping_status":"closed","template":"","meta":{"footnotes":""},"class_list":["post-61","page","type-page","status-publish","hentry"],"_links":{"self":[{"href":"https:\/\/komekopan.yururitokurashi.com\/index.php?rest_route=\/wp\/v2\/pages\/61","targetHints":{"allow":["GET"]}}],"collection":[{"href":"https:\/\/komekopan.yururitokurashi.com\/index.php?rest_route=\/wp\/v2\/pages"}],"about":[{"href":"https:\/\/komekopan.yururitokurashi.com\/index.php?rest_route=\/wp\/v2\/types\/page"}],"author":[{"embeddable":true,"href":"https:\/\/komekopan.yururitokurashi.com\/index.php?rest_route=\/wp\/v2\/users\/1"}],"replies":[{"embeddable":true,"href":"https:\/\/komekopan.yururitokurashi.com\/index.php?rest_route=%2Fwp%2Fv2%2Fcomments&post=61"}],"version-history":[{"count":3,"href":"https:\/\/komekopan.yururitokurashi.com\/index.php?rest_route=\/wp\/v2\/pages\/61\/revisions"}],"predecessor-version":[{"id":91,"href":"https:\/\/komekopan.yururitokurashi.com\/index.php?rest_route=\/wp\/v2\/pages\/61\/revisions\/91"}],"wp:attachment":[{"href":"https:\/\/komekopan.yururitokurashi.com\/index.php?rest_route=%2Fwp%2Fv2%2Fmedia&parent=61"}],"curies":[{"name":"wp","href":"https:\/\/api.w.org\/{rel}","templated":true}]}}